{"id":7064,"date":"2025-05-28T11:34:26","date_gmt":"2025-05-28T09:34:26","guid":{"rendered":"http:\/\/lswaeyd.cluster100.hosting.ovh.net\/?page_id=7064"},"modified":"2025-11-18T15:58:44","modified_gmt":"2025-11-18T14:58:44","slug":"nous-confier-votre-bien","status":"publish","type":"page","link":"https:\/\/www.thenewplace.fr\/index.php\/nous-confier-votre-bien\/","title":{"rendered":"Nous confier votre bien"},"content":{"rendered":"\t\t<div data-elementor-type=\"wp-page\" data-elementor-id=\"7064\" class=\"elementor elementor-7064\">\n\t\t\t\t<div class=\"elementor-element elementor-element-5065f52 e-flex e-con-boxed e-con e-parent\" data-id=\"5065f52\" data-element_type=\"container\">\n\t\t\t\t\t<div class=\"e-con-inner\">\n\t\t\t\t<div class=\"elementor-element elementor-element-7399d1a elementor-widget elementor-widget-heading\" data-id=\"7399d1a\" data-element_type=\"widget\" data-widget_type=\"heading.default\">\n\t\t\t\t<div class=\"elementor-widget-container\">\n\t\t\t\t\t<div class=\"elementor-heading-wrapper\" ><div class=\"elementor-heading-wrapper-inner\"><h2 class=\"elementor-heading-title elementor-size-default\">Vous souhaitez nous confier votre bien<\/h2><\/div><\/div>\t\t\t\t<\/div>\n\t\t\t\t<\/div>\n\t\t\t\t<div class=\"elementor-element elementor-element-959e08f elementor-widget elementor-widget-text-editor\" data-id=\"959e08f\" data-element_type=\"widget\" data-widget_type=\"text-editor.default\">\n\t\t\t\t<div class=\"elementor-widget-container\">\n\t\t\t\t\t        <div class=\"elementor-text-editor elementor-clearfix\"><p>Confiez vos biens \u00e0 THE NEW PLACE, l\u2019agence ind\u00e9pendante qui r\u00e9v\u00e8le le potentiel de chaque m\u00e8tre carr\u00e9. Pr\u00e9cision, r\u00e9activit\u00e9 et engagement humain guident chacune de nos d\u00e9marches. Parce qu\u2019un lieu bien accompagn\u00e9 trouve toujours le bon projet.<\/p><\/div>\n        \t\t\t\t<\/div>\n\t\t\t\t<\/div>\n\t\t\t\t<div class=\"elementor-element elementor-element-9ed8fb8 elementor-widget elementor-widget-wpforms\" data-id=\"9ed8fb8\" data-element_type=\"widget\" data-widget_type=\"wpforms.default\">\n\t\t\t\t<div class=\"elementor-widget-container\">\n\t\t\t\t\t<style id=\"wpforms-css-vars-elementor-widget-9ed8fb8\">\n\t\t\t\t.elementor-widget-wpforms.elementor-element-9ed8fb8 {\n\t\t\t\t--wpforms-field-size-input-height: 43px;\n--wpforms-field-size-input-spacing: 15px;\n--wpforms-field-size-font-size: 16px;\n--wpforms-field-size-line-height: 19px;\n--wpforms-field-size-padding-h: 14px;\n--wpforms-field-size-checkbox-size: 16px;\n--wpforms-field-size-sublabel-spacing: 5px;\n--wpforms-field-size-icon-size: 1;\n--wpforms-label-size-font-size: 16px;\n--wpforms-label-size-line-height: 19px;\n--wpforms-label-size-sublabel-font-size: 14px;\n--wpforms-label-size-sublabel-line-height: 17px;\n--wpforms-button-size-font-size: 17px;\n--wpforms-button-size-height: 41px;\n--wpforms-button-size-padding-h: 15px;\n--wpforms-button-size-margin-top: 10px;\n\n\t\t\t}\n\t\t\t<\/style><div class=\"wpforms-container wpforms-container-full wpforms-render-modern\" id=\"wpforms-7030\"><form id=\"wpforms-form-7030\" class=\"wpforms-validate wpforms-form wpforms-ajax-form\" data-formid=\"7030\" method=\"post\" enctype=\"multipart\/form-data\" action=\"\/index.php\/wp-json\/wp\/v2\/pages\/7064\" data-token=\"21e81434b1127006df4882fe5dd46cb3\" data-token-time=\"1776217981\"><noscript class=\"wpforms-error-noscript\">Veuillez activer JavaScript dans votre navigateur pour remplir ce formulaire.<\/noscript><div class=\"wpforms-hidden\" id=\"wpforms-error-noscript\">Veuillez activer JavaScript dans votre navigateur pour remplir ce formulaire.<\/div><div class=\"wpforms-field-container\"><div id=\"wpforms-7030-field_1-container\" class=\"wpforms-field wpforms-field-name\" data-field-id=\"1\"><fieldset><legend class=\"wpforms-field-label\">Nom <span class=\"wpforms-required-label\" aria-hidden=\"true\">*<\/span><\/legend><div class=\"wpforms-field-row wpforms-field-medium\"><div class=\"wpforms-field-row-block wpforms-first wpforms-one-half\"><input type=\"text\" id=\"wpforms-7030-field_1\" class=\"wpforms-field-name-first wpforms-field-required\" name=\"wpforms[fields][1][first]\" aria-errormessage=\"wpforms-7030-field_1-error\" required><label for=\"wpforms-7030-field_1\" class=\"wpforms-field-sublabel after\">Pr\u00e9nom<\/label><\/div><div class=\"wpforms-field-row-block wpforms-one-half\"><input type=\"text\" id=\"wpforms-7030-field_1-last\" class=\"wpforms-field-name-last wpforms-field-required\" name=\"wpforms[fields][1][last]\" aria-errormessage=\"wpforms-7030-field_1-last-error\" required><label for=\"wpforms-7030-field_1-last\" class=\"wpforms-field-sublabel after\">Nom<\/label><\/div><\/div><\/fieldset><\/div><div id=\"wpforms-7030-field_4-container\" class=\"wpforms-field wpforms-field-text\" data-field-id=\"4\"><label class=\"wpforms-field-label\" for=\"wpforms-7030-field_4\">T\u00e9l\u00e9phone  <span class=\"wpforms-required-label\" aria-hidden=\"true\">*<\/span><\/label><input type=\"text\" id=\"wpforms-7030-field_4\" class=\"wpforms-field-medium wpforms-field-required\" name=\"wpforms[fields][4]\" aria-errormessage=\"wpforms-7030-field_4-error\" required><\/div><div id=\"wpforms-7030-field_5-container\" class=\"wpforms-field wpforms-field-text\" data-field-id=\"5\"><label class=\"wpforms-field-label\" for=\"wpforms-7030-field_5\">E-mail <span class=\"wpforms-required-label\" aria-hidden=\"true\">*<\/span><\/label><input type=\"text\" id=\"wpforms-7030-field_5\" class=\"wpforms-field-medium wpforms-field-required\" name=\"wpforms[fields][5]\" aria-errormessage=\"wpforms-7030-field_5-error\" required><\/div><div id=\"wpforms-7030-field_8-container\" class=\"wpforms-field wpforms-field-text\" data-field-id=\"8\"><label class=\"wpforms-field-label\" for=\"wpforms-7030-field_8\">Entreprise<\/label><input type=\"text\" id=\"wpforms-7030-field_8\" class=\"wpforms-field-medium\" name=\"wpforms[fields][8]\" aria-errormessage=\"wpforms-7030-field_8-error\" ><\/div><div id=\"wpforms-7030-field_6-container\" class=\"wpforms-field wpforms-field-textarea\" data-field-id=\"6\"><label class=\"wpforms-field-label\" for=\"wpforms-7030-field_6\">Description du bien <span class=\"wpforms-required-label\" aria-hidden=\"true\">*<\/span><\/label><textarea id=\"wpforms-7030-field_6\" class=\"wpforms-field-medium wpforms-field-required\" name=\"wpforms[fields][6]\" aria-errormessage=\"wpforms-7030-field_6-error\" required><\/textarea><\/div><div id=\"wpforms-7030-field_7-container\" class=\"wpforms-field wpforms-field-checkbox\" data-field-id=\"7\"><fieldset><legend class=\"wpforms-field-label wpforms-label-hide\" aria-hidden=\"false\">\u00catre rappel\u00e9 <span class=\"wpforms-required-label\" aria-hidden=\"true\">*<\/span><\/legend><ul id=\"wpforms-7030-field_7\" class=\"wpforms-field-required\"><li class=\"choice-3 depth-1\"><input type=\"checkbox\" id=\"wpforms-7030-field_7_3\" name=\"wpforms[fields][7][]\" value=\"Je souhaite \u00eatre contact\u00e9 par l&#039;\u00e9quipe The New Place\" aria-errormessage=\"wpforms-7030-field_7_3-error\" required ><label class=\"wpforms-field-label-inline\" for=\"wpforms-7030-field_7_3\">Je souhaite \u00eatre contact\u00e9 par l'\u00e9quipe The New Place<\/label><\/li><\/ul><\/fieldset><\/div><\/div><!-- .wpforms-field-container --><div class=\"wpforms-submit-container\" ><input type=\"hidden\" name=\"wpforms[id]\" value=\"7030\"><input type=\"hidden\" name=\"page_title\" value=\"\"><input type=\"hidden\" name=\"page_url\" value=\"https:\/\/www.thenewplace.fr\/index.php\/wp-json\/wp\/v2\/pages\/7064\"><input type=\"hidden\" name=\"url_referer\" value=\"\"><button type=\"submit\" name=\"wpforms[submit]\" id=\"wpforms-submit-7030\" class=\"wpforms-submit\" data-alt-text=\"Envoi...\" data-submit-text=\"Envoyer\" aria-live=\"assertive\" value=\"wpforms-submit\">Envoyer<\/button><img decoding=\"async\" src=\"https:\/\/www.thenewplace.fr\/wp-content\/plugins\/wpforms-lite\/assets\/images\/submit-spin.svg\" class=\"wpforms-submit-spinner\" style=\"display: none;\" width=\"26\" height=\"26\" alt=\"Chargement en cours\"><\/div><\/form><\/div>  <!-- .wpforms-container -->\t\t\t\t<\/div>\n\t\t\t\t<\/div>\n\t\t\t\t\t<\/div>\n\t\t\t\t<\/div>\n\t\t\t\t<\/div>\n\t\t","protected":false},"excerpt":{"rendered":"<p>Vous souhaitez nous confier votre bien Confiez vos biens \u00e0 THE NEW PLACE, l\u2019agence ind\u00e9pendante qui r\u00e9v\u00e8le le potentiel de chaque m\u00e8tre carr\u00e9. Pr\u00e9cision, r\u00e9activit\u00e9 et engagement humain guident chacune de nos d\u00e9marches. Parce qu\u2019un lieu bien accompagn\u00e9 trouve toujours le bon projet. Veuillez activer JavaScript dans votre navigateur pour remplir ce formulaire.Veuillez activer JavaScript &hellip; <\/p>\n<p class=\"link-more\"><a href=\"https:\/\/www.thenewplace.fr\/index.php\/nous-confier-votre-bien\/\" class=\"more-link\">Read More <span class=\"screen-reader-text\"> \u00ab\u00a0Nous confier votre bien\u00a0\u00bb<\/span><\/a><\/p>\n","protected":false},"author":1,"featured_media":0,"parent":0,"menu_order":0,"comment_status":"closed","ping_status":"closed","template":"","meta":{"_monsterinsights_skip_tracking":false,"_monsterinsights_sitenote_active":false,"_monsterinsights_sitenote_note":"","_monsterinsights_sitenote_category":0,"footnotes":""},"class_list":["post-7064","page","type-page","status-publish","hentry"],"aioseo_notices":[],"_links":{"self":[{"href":"https:\/\/www.thenewplace.fr\/index.php\/wp-json\/wp\/v2\/pages\/7064","targetHints":{"allow":["GET"]}}],"collection":[{"href":"https:\/\/www.thenewplace.fr\/index.php\/wp-json\/wp\/v2\/pages"}],"about":[{"href":"https:\/\/www.thenewplace.fr\/index.php\/wp-json\/wp\/v2\/types\/page"}],"author":[{"embeddable":true,"href":"https:\/\/www.thenewplace.fr\/index.php\/wp-json\/wp\/v2\/users\/1"}],"replies":[{"embeddable":true,"href":"https:\/\/www.thenewplace.fr\/index.php\/wp-json\/wp\/v2\/comments?post=7064"}],"version-history":[{"count":4,"href":"https:\/\/www.thenewplace.fr\/index.php\/wp-json\/wp\/v2\/pages\/7064\/revisions"}],"predecessor-version":[{"id":7068,"href":"https:\/\/www.thenewplace.fr\/index.php\/wp-json\/wp\/v2\/pages\/7064\/revisions\/7068"}],"wp:attachment":[{"href":"https:\/\/www.thenewplace.fr\/index.php\/wp-json\/wp\/v2\/media?parent=7064"}],"curies":[{"name":"wp","href":"https:\/\/api.w.org\/{rel}","templated":true}]}}