{"id":7303,"date":"2026-03-29T13:22:41","date_gmt":"2026-03-29T11:22:41","guid":{"rendered":"https:\/\/www.thenewplace.fr\/?page_id=7303"},"modified":"2026-03-29T13:28:43","modified_gmt":"2026-03-29T11:28:43","slug":"recrutement","status":"publish","type":"page","link":"https:\/\/www.thenewplace.fr\/index.php\/recrutement\/","title":{"rendered":"Recrutement"},"content":{"rendered":"\t\t<div data-elementor-type=\"wp-page\" data-elementor-id=\"7303\" class=\"elementor elementor-7303\">\n\t\t\t\t<div class=\"elementor-element elementor-element-5065f52 e-flex e-con-boxed e-con e-parent\" data-id=\"5065f52\" data-element_type=\"container\">\n\t\t\t\t\t<div class=\"e-con-inner\">\n\t\t\t\t<div class=\"elementor-element elementor-element-7399d1a elementor-widget elementor-widget-heading\" data-id=\"7399d1a\" data-element_type=\"widget\" data-widget_type=\"heading.default\">\n\t\t\t\t<div class=\"elementor-widget-container\">\n\t\t\t\t\t<div class=\"elementor-heading-wrapper\" ><div class=\"elementor-heading-wrapper-inner\"><h2 class=\"elementor-heading-title elementor-size-default\"><p data-start=\"0\" data-end=\"38\"><strong data-start=\"0\" data-end=\"38\">Rejoignez l\u2019aventure The New Place<\/strong><span style=\"font-family: &quot;Playfair Display&quot;, -apple-system, BlinkMacSystemFont, sans-serif; font-size: 2.66667rem;\"><\/span><\/p><\/h2><\/div><\/div>\t\t\t\t<\/div>\n\t\t\t\t<\/div>\n\t\t\t\t<div class=\"elementor-element elementor-element-959e08f elementor-widget elementor-widget-text-editor\" data-id=\"959e08f\" data-element_type=\"widget\" data-widget_type=\"text-editor.default\">\n\t\t\t\t<div class=\"elementor-widget-container\">\n\t\t\t\t\t        <div class=\"elementor-text-editor elementor-clearfix\"><p data-start=\"711\" data-end=\"811\" data-is-last-node=\"\" data-is-only-node=\"\">\u00a0<\/p><p data-start=\"40\" data-end=\"709\">Envie d\u2019\u00e9voluer dans une agence immobili\u00e8re o\u00f9 l\u2019\u00e9nergie, l\u2019ambition et l\u2019humain font vraiment la diff\u00e9rence ?<\/p><p data-start=\"40\" data-end=\"709\">Chez <strong data-start=\"158\" data-end=\"175\" data-is-only-node=\"\">The New Place<\/strong>, nous croyons en une nouvelle fa\u00e7on de vivre l\u2019immobilier : plus moderne, plus dynamique, plus inspirante.<br data-start=\"282\" data-end=\"285\" \/>Rejoindre notre \u00e9quipe, c\u2019est int\u00e9grer un environnement jeune, motiv\u00e9 et tourn\u00e9 vers l\u2019action.<\/p><p data-start=\"40\" data-end=\"709\">C\u2019est aussi avoir l\u2019opportunit\u00e9 de grandir, d\u2019apprendre et de relever de nouveaux d\u00e9fis chaque jour. Ici, les id\u00e9es circulent, les talents s\u2019expriment et chacun contribue \u00e0 une aventure collective stimulante.<\/p><p data-start=\"40\" data-end=\"709\">Si vous aimez le contact, le mouvement et les projets qui ont du sens, votre place est peut-\u00eatre d\u00e9j\u00e0 chez nous.<\/p><\/div>\n        \t\t\t\t<\/div>\n\t\t\t\t<\/div>\n\t\t\t\t<div class=\"elementor-element elementor-element-9ed8fb8 elementor-widget elementor-widget-wpforms\" data-id=\"9ed8fb8\" data-element_type=\"widget\" data-widget_type=\"wpforms.default\">\n\t\t\t\t<div class=\"elementor-widget-container\">\n\t\t\t\t\t<style id=\"wpforms-css-vars-elementor-widget-9ed8fb8\">\n\t\t\t\t.elementor-widget-wpforms.elementor-element-9ed8fb8 {\n\t\t\t\t--wpforms-field-size-input-height: 43px;\n--wpforms-field-size-input-spacing: 15px;\n--wpforms-field-size-font-size: 16px;\n--wpforms-field-size-line-height: 19px;\n--wpforms-field-size-padding-h: 14px;\n--wpforms-field-size-checkbox-size: 16px;\n--wpforms-field-size-sublabel-spacing: 5px;\n--wpforms-field-size-icon-size: 1;\n--wpforms-label-size-font-size: 16px;\n--wpforms-label-size-line-height: 19px;\n--wpforms-label-size-sublabel-font-size: 14px;\n--wpforms-label-size-sublabel-line-height: 17px;\n--wpforms-button-size-font-size: 17px;\n--wpforms-button-size-height: 41px;\n--wpforms-button-size-padding-h: 15px;\n--wpforms-button-size-margin-top: 10px;\n\n\t\t\t}\n\t\t\t<\/style><div class=\"wpforms-container wpforms-container-full wpforms-render-modern\" id=\"wpforms-7291\"><form id=\"wpforms-form-7291\" class=\"wpforms-validate wpforms-form wpforms-ajax-form\" data-formid=\"7291\" method=\"post\" enctype=\"multipart\/form-data\" action=\"\/index.php\/wp-json\/wp\/v2\/pages\/7303\" data-token=\"92712e74da084b5c70356740aebc396c\" data-token-time=\"1775574319\"><noscript class=\"wpforms-error-noscript\">Veuillez activer JavaScript dans votre navigateur pour remplir ce formulaire.<\/noscript><div class=\"wpforms-hidden\" id=\"wpforms-error-noscript\">Veuillez activer JavaScript dans votre navigateur pour remplir ce formulaire.<\/div><div class=\"wpforms-field-container\"><div id=\"wpforms-7291-field_1-container\" class=\"wpforms-field wpforms-field-name\" data-field-id=\"1\"><fieldset><legend class=\"wpforms-field-label\">Pr\u00e9nom - Nom <span class=\"wpforms-required-label\" aria-hidden=\"true\">*<\/span><\/legend><div class=\"wpforms-field-row wpforms-field-medium\"><div class=\"wpforms-field-row-block wpforms-first wpforms-one-half\"><input type=\"text\" id=\"wpforms-7291-field_1\" class=\"wpforms-field-name-first wpforms-field-required\" name=\"wpforms[fields][1][first]\" aria-errormessage=\"wpforms-7291-field_1-error\" required><label for=\"wpforms-7291-field_1\" class=\"wpforms-field-sublabel after\">Pr\u00e9nom<\/label><\/div><div class=\"wpforms-field-row-block wpforms-one-half\"><input type=\"text\" id=\"wpforms-7291-field_1-last\" class=\"wpforms-field-name-last wpforms-field-required\" name=\"wpforms[fields][1][last]\" aria-errormessage=\"wpforms-7291-field_1-last-error\" required><label for=\"wpforms-7291-field_1-last\" class=\"wpforms-field-sublabel after\">Nom<\/label><\/div><\/div><\/fieldset><\/div><div id=\"wpforms-7291-field_2-container\" class=\"wpforms-field wpforms-field-email\" data-field-id=\"2\"><label class=\"wpforms-field-label\" for=\"wpforms-7291-field_2\">E-mail <span class=\"wpforms-required-label\" aria-hidden=\"true\">*<\/span><\/label><input type=\"email\" id=\"wpforms-7291-field_2\" class=\"wpforms-field-medium wpforms-field-required\" name=\"wpforms[fields][2]\" spellcheck=\"false\" aria-errormessage=\"wpforms-7291-field_2-error\" required><\/div><div id=\"wpforms-7291-field_3-container\" class=\"wpforms-field wpforms-field-number\" data-field-id=\"3\"><label class=\"wpforms-field-label\" for=\"wpforms-7291-field_3\">T\u00e9l\u00e9phone <span class=\"wpforms-required-label\" aria-hidden=\"true\">*<\/span><\/label><input type=\"number\" id=\"wpforms-7291-field_3\" class=\"wpforms-field-small wpforms-field-required\" name=\"wpforms[fields][3]\" step=\"any\" aria-errormessage=\"wpforms-7291-field_3-error\" required><\/div><div id=\"wpforms-7291-field_5-container\" class=\"wpforms-field wpforms-field-textarea\" data-field-id=\"5\"><label class=\"wpforms-field-label\" for=\"wpforms-7291-field_5\">D\u00e9crivez votre profil  <span class=\"wpforms-required-label\" aria-hidden=\"true\">*<\/span><\/label><textarea id=\"wpforms-7291-field_5\" class=\"wpforms-field-medium wpforms-field-required\" name=\"wpforms[fields][5]\" aria-errormessage=\"wpforms-7291-field_5-error\" required><\/textarea><\/div><\/div><!-- .wpforms-field-container --><div class=\"wpforms-submit-container\" ><input type=\"hidden\" name=\"wpforms[id]\" value=\"7291\"><input type=\"hidden\" name=\"page_title\" value=\"\"><input type=\"hidden\" name=\"page_url\" value=\"https:\/\/www.thenewplace.fr\/index.php\/wp-json\/wp\/v2\/pages\/7303\"><input type=\"hidden\" name=\"url_referer\" value=\"\"><button type=\"submit\" name=\"wpforms[submit]\" id=\"wpforms-submit-7291\" class=\"wpforms-submit\" data-alt-text=\"Envoi...\" data-submit-text=\"Envoyer\" aria-live=\"assertive\" value=\"wpforms-submit\">Envoyer<\/button><img decoding=\"async\" src=\"https:\/\/www.thenewplace.fr\/wp-content\/plugins\/wpforms-lite\/assets\/images\/submit-spin.svg\" class=\"wpforms-submit-spinner\" style=\"display: none;\" width=\"26\" height=\"26\" alt=\"Chargement en cours\"><\/div><\/form><\/div>  <!-- .wpforms-container -->\t\t\t\t<\/div>\n\t\t\t\t<\/div>\n\t\t\t\t\t<\/div>\n\t\t\t\t<\/div>\n\t\t\t\t<\/div>\n\t\t","protected":false},"excerpt":{"rendered":"<p>Rejoignez l\u2019aventure The New Place Envie d\u2019\u00e9voluer dans une agence immobili\u00e8re o\u00f9 l\u2019\u00e9nergie, l\u2019ambition et l\u2019humain font vraiment la diff\u00e9rence ? Chez The New Place, nous croyons en une nouvelle fa\u00e7on de vivre l\u2019immobilier : plus moderne, plus dynamique, plus inspirante.Rejoindre notre \u00e9quipe, c\u2019est int\u00e9grer un environnement jeune, motiv\u00e9 et tourn\u00e9 vers l\u2019action. C\u2019est aussi &hellip; <\/p>\n<p class=\"link-more\"><a href=\"https:\/\/www.thenewplace.fr\/index.php\/recrutement\/\" class=\"more-link\">Read More <span class=\"screen-reader-text\"> \u00ab\u00a0Recrutement\u00a0\u00bb<\/span><\/a><\/p>\n","protected":false},"author":1,"featured_media":0,"parent":0,"menu_order":0,"comment_status":"closed","ping_status":"closed","template":"","meta":{"_monsterinsights_skip_tracking":false,"_monsterinsights_sitenote_active":false,"_monsterinsights_sitenote_note":"","_monsterinsights_sitenote_category":0,"footnotes":""},"class_list":["post-7303","page","type-page","status-publish","hentry"],"aioseo_notices":[],"_links":{"self":[{"href":"https:\/\/www.thenewplace.fr\/index.php\/wp-json\/wp\/v2\/pages\/7303","targetHints":{"allow":["GET"]}}],"collection":[{"href":"https:\/\/www.thenewplace.fr\/index.php\/wp-json\/wp\/v2\/pages"}],"about":[{"href":"https:\/\/www.thenewplace.fr\/index.php\/wp-json\/wp\/v2\/types\/page"}],"author":[{"embeddable":true,"href":"https:\/\/www.thenewplace.fr\/index.php\/wp-json\/wp\/v2\/users\/1"}],"replies":[{"embeddable":true,"href":"https:\/\/www.thenewplace.fr\/index.php\/wp-json\/wp\/v2\/comments?post=7303"}],"version-history":[{"count":7,"href":"https:\/\/www.thenewplace.fr\/index.php\/wp-json\/wp\/v2\/pages\/7303\/revisions"}],"predecessor-version":[{"id":7310,"href":"https:\/\/www.thenewplace.fr\/index.php\/wp-json\/wp\/v2\/pages\/7303\/revisions\/7310"}],"wp:attachment":[{"href":"https:\/\/www.thenewplace.fr\/index.php\/wp-json\/wp\/v2\/media?parent=7303"}],"curies":[{"name":"wp","href":"https:\/\/api.w.org\/{rel}","templated":true}]}}